{"id":848,"date":"2016-03-02T23:12:08","date_gmt":"2016-03-02T23:12:08","guid":{"rendered":"https:\/\/www.maesmobel.es\/?page_id=848"},"modified":"2025-01-17T16:01:04","modified_gmt":"2025-01-17T16:01:04","slug":"qui-som","status":"publish","type":"page","link":"https:\/\/www.maesmobel.es\/es\/qui-som\/","title":{"rendered":"Qui\u00e9nes somos"},"content":{"rendered":"<p><\/p>\n<div style=\"padding: 20px;\">\n<h2 style=\"text-align: center; margin-top: 30px; padding-bottom: 30px; letter-spacing: 5px;\"><span style=\"color: #83121a;\">MAES<\/span> <span style=\"color: #83121a;\">MOBEL<\/span><\/h2>\n<p style=\"text-align: justify;\">Muebles <span style=\"color: #83121a;\"><strong>MAES MOBEL<\/strong><\/span>, viene abalada con mas de 40 a\u00f1os de experiencia dentro del ramo del mueble. Desde siempre nos hemos caracterizado en la atenci\u00f3n a nuestros clientes, con estudios de sus espacios, d\u00e1ndole a los mismos un toque de actual de decoraci\u00f3n e interiorismo.<\/p>\n<p>Nuestros proyectos siempre son personalizados para cada cliente, en funci\u00f3n de sus necesidades y satisfacciones est\u00e9ticas.<\/p>\n<p style=\"text-align: justify;\">Somos una empresa familiar con la experiencia, y a la vez la modernidad de nuestros j\u00f3venes valores. Les ofrecemos nuestra orientaci\u00f3n y nuestra exposici\u00f3n de muebles en diferentes estilos,\u00a0comedores, dormitorios, soluciones en ambientes juveniles, recibidores, armarios a medida, sofas, mobiliario de cocina y ba\u00f1o, etc&#8230;<br \/>\nTambi\u00e9n equipos de descanso, camas articuladas, colchoneria, canapes. Y por supuesto mobiliario auxiliar, estudio, iluminaci\u00f3n y elementos decorativos.<\/p>\n<p style=\"text-align: justify;\">Ejecutamos proyectos integros de reforma y decoraci\u00f3n desde el inicio, hasta la entrega de llaves, con todos los detalles solicitados. Consultenos sobre cualquier idea o duda, y le daremos distintas propuestas, presentadas en nuestros proyectos en 3D. As\u00ed usted, podr\u00e1 ver una gran aproximaci\u00f3n del resultado final de su obra&#8230;<\/p>\n<p style=\"text-align: justify;\">Muebles <span style=\"color: #83121a;\"><strong>MAES MOBEL<\/strong><\/span> en sus presupuestos incluye el transporte e IVA. Tambien dispone de financiaci\u00f3n inmediata a su medida. Nos hacemos responsables de la calidad de muebles y art\u00edculos\u00a0 que le suministremos, como resultado final de trabajo eficaz y formal.<\/p>\n<div class=\"one-third first\" style=\"margin: 60px 0px 60px 0px; letter-spacing: 2px;\">\n<p style=\"text-align: center;\"><span style=\"color: #83121a;\"><strong>HORARIO<\/strong><\/span>:<\/p>\n<p>\u00a0 \u00a0 \u00a0 \u00a0 \u00a0 \u00a0 \u00a0 \u00a0 \u00a0 \u00a0 \u00a0 \u00a0 \u00a0 \u00a0 \u00a0 \u00a0 \u00a0 \u00a0 \u00a0 \u00a0 \u00a0 \u00a0<strong>De Lunes a Viernes.<\/strong><\/p>\n<p style=\"text-align: center;\">Ma\u00f1anas: 10h a 14h<br \/>\nTardes: 17h a 20.30h<\/p>\n<p style=\"text-align: center;\">S\u00e1bado: 10h a 14h<\/p>\n<\/div>\n<div class=\"one-third\" style=\"margin: 60px 0px 60px 0px; letter-spacing: 2px;\">\n<p style=\"text-align: center;\"><span style=\"color: #83121a;\"><strong>UBICACI\u00d3N<\/strong><\/span>:<br \/>\nC\/Concepci\u00f3n Arenal 103-105. 08027 Barcelona<br \/>\nC\/Cienfuegos 17. 08027 Barcelona<\/p>\n<\/div>\n<div class=\"one-third\" style=\"margin: 60px 0px 60px 0px; letter-spacing: 2px;\">\n<p style=\"text-align: center;\"><span style=\"color: #83121a;\"><strong>CONTACTO<\/strong><\/span>:<br \/>\nTel:933402512<br \/>\nCorreos electr\u00f3nicos:<br \/>\nsergiamenos@hotmail.com<br \/>\neduamenos35@hotmail.com<\/p>\n<\/div>\n<\/div>\n<p>","protected":false},"excerpt":{"rendered":"<p>MAES MOBEL Muebles MAES MOBEL, viene abalada con mas de 40 a\u00f1os de experiencia dentro del ramo del mueble. Desde siempre nos hemos caracterizado en la atenci\u00f3n a nuestros clientes, con estudios de sus espacios, d\u00e1ndole a los mismos un toque de actual de decoraci\u00f3n e interiorismo. Nuestros proyectos siempre son personalizados para cada cliente, [&hellip;]<\/p>\n","protected":false},"author":2,"featured_media":0,"parent":0,"menu_order":0,"comment_status":"closed","ping_status":"closed","template":"","meta":{"_monsterinsights_skip_tracking":false,"_monsterinsights_sitenote_active":false,"_monsterinsights_sitenote_note":"","_monsterinsights_sitenote_category":0,"_genesis_hide_title":false,"_genesis_hide_breadcrumbs":false,"_genesis_hide_singular_image":false,"_genesis_hide_footer_widgets":false,"_genesis_custom_body_class":"","_genesis_custom_post_class":"","_genesis_layout":"","footnotes":""},"class_list":{"0":"post-848","1":"page","2":"type-page","3":"status-publish","5":"entry"},"yoast_head":"<!-- This site is optimized with the Yoast SEO plugin v27.3 - https:\/\/yoast.com\/product\/yoast-seo-wordpress\/ -->\n<title>Qui\u00e9nes somos - maesmobel<\/title>\n<meta name=\"robots\" content=\"index, follow, max-snippet:-1, max-image-preview:large, max-video-preview:-1\" \/>\n<link rel=\"canonical\" href=\"https:\/\/www.maesmobel.es\/qui-som\/\" \/>\n<meta property=\"og:locale\" content=\"es_ES\" \/>\n<meta property=\"og:type\" content=\"article\" \/>\n<meta property=\"og:title\" content=\"Qui\u00e9nes somos - maesmobel\" \/>\n<meta property=\"og:description\" content=\"MAES MOBEL Muebles MAES MOBEL, viene abalada con mas de 40 a\u00f1os de experiencia dentro del ramo del mueble. Desde siempre nos hemos caracterizado en la atenci\u00f3n a nuestros clientes, con estudios de sus espacios, d\u00e1ndole a los mismos un toque de actual de decoraci\u00f3n e interiorismo. Nuestros proyectos siempre son personalizados para cada cliente, [&hellip;]\" \/>\n<meta property=\"og:url\" content=\"https:\/\/www.maesmobel.es\/qui-som\/\" \/>\n<meta property=\"og:site_name\" content=\"maesmobel\" \/>\n<meta property=\"article:modified_time\" content=\"2025-01-17T16:01:04+00:00\" \/>\n<meta name=\"twitter:card\" content=\"summary_large_image\" \/>\n<meta name=\"twitter:label1\" content=\"Tiempo de lectura\" \/>\n\t<meta name=\"twitter:data1\" content=\"3 minutos\" \/>\n<script type=\"application\/ld+json\" class=\"yoast-schema-graph\">{\"@context\":\"https:\\\/\\\/schema.org\",\"@graph\":[{\"@type\":\"WebPage\",\"@id\":\"https:\\\/\\\/www.maesmobel.es\\\/qui-som\\\/\",\"url\":\"https:\\\/\\\/www.maesmobel.es\\\/qui-som\\\/\",\"name\":\"Qui\u00e9nes somos - maesmobel\",\"isPartOf\":{\"@id\":\"https:\\\/\\\/www.maesmobel.es\\\/es\\\/#website\"},\"datePublished\":\"2016-03-02T23:12:08+00:00\",\"dateModified\":\"2025-01-17T16:01:04+00:00\",\"breadcrumb\":{\"@id\":\"https:\\\/\\\/www.maesmobel.es\\\/qui-som\\\/#breadcrumb\"},\"inLanguage\":\"es\",\"potentialAction\":[{\"@type\":\"ReadAction\",\"target\":[\"https:\\\/\\\/www.maesmobel.es\\\/qui-som\\\/\"]}]},{\"@type\":\"BreadcrumbList\",\"@id\":\"https:\\\/\\\/www.maesmobel.es\\\/qui-som\\\/#breadcrumb\",\"itemListElement\":[{\"@type\":\"ListItem\",\"position\":1,\"name\":\"Portada\",\"item\":\"https:\\\/\\\/www.maesmobel.es\\\/es\\\/\"},{\"@type\":\"ListItem\",\"position\":2,\"name\":\"Qui\u00e9nes somos\"}]},{\"@type\":\"WebSite\",\"@id\":\"https:\\\/\\\/www.maesmobel.es\\\/es\\\/#website\",\"url\":\"https:\\\/\\\/www.maesmobel.es\\\/es\\\/\",\"name\":\"maesmobel\",\"description\":\"VISTE TU CASA\",\"potentialAction\":[{\"@type\":\"SearchAction\",\"target\":{\"@type\":\"EntryPoint\",\"urlTemplate\":\"https:\\\/\\\/www.maesmobel.es\\\/es\\\/?s={search_term_string}\"},\"query-input\":{\"@type\":\"PropertyValueSpecification\",\"valueRequired\":true,\"valueName\":\"search_term_string\"}}],\"inLanguage\":\"es\"}]}<\/script>\n<!-- \/ Yoast SEO plugin. -->","yoast_head_json":{"title":"Qui\u00e9nes somos - maesmobel","robots":{"index":"index","follow":"follow","max-snippet":"max-snippet:-1","max-image-preview":"max-image-preview:large","max-video-preview":"max-video-preview:-1"},"canonical":"https:\/\/www.maesmobel.es\/qui-som\/","og_locale":"es_ES","og_type":"article","og_title":"Qui\u00e9nes somos - maesmobel","og_description":"MAES MOBEL Muebles MAES MOBEL, viene abalada con mas de 40 a\u00f1os de experiencia dentro del ramo del mueble. Desde siempre nos hemos caracterizado en la atenci\u00f3n a nuestros clientes, con estudios de sus espacios, d\u00e1ndole a los mismos un toque de actual de decoraci\u00f3n e interiorismo. Nuestros proyectos siempre son personalizados para cada cliente, [&hellip;]","og_url":"https:\/\/www.maesmobel.es\/qui-som\/","og_site_name":"maesmobel","article_modified_time":"2025-01-17T16:01:04+00:00","twitter_card":"summary_large_image","twitter_misc":{"Tiempo de lectura":"3 minutos"},"schema":{"@context":"https:\/\/schema.org","@graph":[{"@type":"WebPage","@id":"https:\/\/www.maesmobel.es\/qui-som\/","url":"https:\/\/www.maesmobel.es\/qui-som\/","name":"Qui\u00e9nes somos - maesmobel","isPartOf":{"@id":"https:\/\/www.maesmobel.es\/es\/#website"},"datePublished":"2016-03-02T23:12:08+00:00","dateModified":"2025-01-17T16:01:04+00:00","breadcrumb":{"@id":"https:\/\/www.maesmobel.es\/qui-som\/#breadcrumb"},"inLanguage":"es","potentialAction":[{"@type":"ReadAction","target":["https:\/\/www.maesmobel.es\/qui-som\/"]}]},{"@type":"BreadcrumbList","@id":"https:\/\/www.maesmobel.es\/qui-som\/#breadcrumb","itemListElement":[{"@type":"ListItem","position":1,"name":"Portada","item":"https:\/\/www.maesmobel.es\/es\/"},{"@type":"ListItem","position":2,"name":"Qui\u00e9nes somos"}]},{"@type":"WebSite","@id":"https:\/\/www.maesmobel.es\/es\/#website","url":"https:\/\/www.maesmobel.es\/es\/","name":"maesmobel","description":"VISTE TU CASA","potentialAction":[{"@type":"SearchAction","target":{"@type":"EntryPoint","urlTemplate":"https:\/\/www.maesmobel.es\/es\/?s={search_term_string}"},"query-input":{"@type":"PropertyValueSpecification","valueRequired":true,"valueName":"search_term_string"}}],"inLanguage":"es"}]}},"_links":{"self":[{"href":"https:\/\/www.maesmobel.es\/es\/wp-json\/wp\/v2\/pages\/848","targetHints":{"allow":["GET"]}}],"collection":[{"href":"https:\/\/www.maesmobel.es\/es\/wp-json\/wp\/v2\/pages"}],"about":[{"href":"https:\/\/www.maesmobel.es\/es\/wp-json\/wp\/v2\/types\/page"}],"author":[{"embeddable":true,"href":"https:\/\/www.maesmobel.es\/es\/wp-json\/wp\/v2\/users\/2"}],"replies":[{"embeddable":true,"href":"https:\/\/www.maesmobel.es\/es\/wp-json\/wp\/v2\/comments?post=848"}],"version-history":[{"count":6,"href":"https:\/\/www.maesmobel.es\/es\/wp-json\/wp\/v2\/pages\/848\/revisions"}],"predecessor-version":[{"id":1358,"href":"https:\/\/www.maesmobel.es\/es\/wp-json\/wp\/v2\/pages\/848\/revisions\/1358"}],"wp:attachment":[{"href":"https:\/\/www.maesmobel.es\/es\/wp-json\/wp\/v2\/media?parent=848"}],"curies":[{"name":"wp","href":"https:\/\/api.w.org\/{rel}","templated":true}]}}